{"id":4806,"date":"2026-02-27T14:30:47","date_gmt":"2026-02-27T13:30:47","guid":{"rendered":"https:\/\/eleiaweddingphotography.com\/?page_id=4806"},"modified":"2026-03-27T12:14:41","modified_gmt":"2026-03-27T11:14:41","slug":"fotografos-boda-malaga","status":"publish","type":"page","link":"https:\/\/eleiaweddingphotography.com\/en\/fotografos-boda-malaga\/","title":{"rendered":"Fot\u00f3grafos de boda en M\u00e1laga"},"content":{"rendered":"<div data-elementor-type=\"wp-page\" data-elementor-id=\"4806\" class=\"elementor elementor-4806\">\n\t\t\t\t<div class=\"elementor-element elementor-element-28002070 e-con-full e-flex e-con e-parent\" data-id=\"28002070\" data-element_type=\"container\" data-e-type=\"container\" data-settings=\"{&quot;position&quot;:&quot;fixed&quot;}\">\n\t\t\t\t<div class=\"elementor-element elementor-element-593de91d elementor-widget__width-initial elementor-widget elementor-widget-image\" data-id=\"593de91d\" data-element_type=\"widget\" data-e-type=\"widget\" data-widget_type=\"image.default\">\n\t\t\t\t<div class=\"elementor-widget-container\">\n\t\t\t\t\t\t\t\t\t\t\t\t\t\t\t\t<a href=\"\/en\/\">\n\t\t\t\t\t\t\t<img fetchpriority=\"high\" decoding=\"async\" width=\"2045\" height=\"681\" src=\"https:\/\/eleiaweddingphotography.com\/wp-content\/uploads\/2025\/12\/cropped-cropped-2-scaled-1-150x50.png\" class=\"attachment-full size-full wp-image-1416\" alt=\"logotipo eleia con tipograf\u00eda serif roja\" srcset=\"https:\/\/eleiaweddingphotography.com\/wp-content\/uploads\/2025\/12\/cropped-cropped-2-scaled-1.png 2045w, https:\/\/eleiaweddingphotography.com\/wp-content\/uploads\/2025\/12\/cropped-cropped-2-scaled-1-300x100.png 300w, https:\/\/eleiaweddingphotography.com\/wp-content\/uploads\/2025\/12\/cropped-cropped-2-scaled-1-1024x341.png 1024w, https:\/\/eleiaweddingphotography.com\/wp-content\/uploads\/2025\/12\/cropped-cropped-2-scaled-1-768x256.png 768w, https:\/\/eleiaweddingphotography.com\/wp-content\/uploads\/2025\/12\/cropped-cropped-2-scaled-1-1536x511.png 1536w, https:\/\/eleiaweddingphotography.com\/wp-content\/uploads\/2025\/12\/cropped-cropped-2-scaled-1-18x6.png 18w, https:\/\/eleiaweddingphotography.com\/wp-content\/uploads\/2025\/12\/cropped-cropped-2-scaled-1-150x50.png 150w\" sizes=\"(max-width: 2045px) 100vw, 2045px\" \/>\t\t\t\t\t\t\t\t<\/a>\n\t\t\t\t\t\t\t\t\t\t\t\t\t\t\t<\/div>\n\t\t\t\t<\/div>\n\t\t<div class=\"elementor-element elementor-element-18c6e559 e-con-full e-flex e-con e-child\" data-id=\"18c6e559\" data-element_type=\"container\" data-e-type=\"container\">\n\t\t\t\t<div class=\"elementor-element elementor-element-5d476659 elementor-widget elementor-widget-heading\" data-id=\"5d476659\" data-element_type=\"widget\" data-e-type=\"widget\" data-widget_type=\"heading.default\">\n\t\t\t\t<div class=\"elementor-widget-container\">\n\t\t\t\t\t<h2 class=\"elementor-heading-title elementor-size-default\"><a href=\"https:\/\/eleiaweddingphotography.com\/en\/menu\/\">MENU<\/a><\/h2>\t\t\t\t<\/div>\n\t\t\t\t<\/div>\n\t\t<div class=\"elementor-element elementor-element-3dc9bc11 e-con-full e-flex e-con e-child\" data-id=\"3dc9bc11\" data-element_type=\"container\" data-e-type=\"container\">\n\t\t\t\t<div class=\"elementor-element elementor-element-32c7cc70 elementor-widget elementor-widget-html\" data-id=\"32c7cc70\" data-element_type=\"widget\" data-e-type=\"widget\" data-widget_type=\"html.default\">\n\t\t\t\t<div class=\"elementor-widget-container\">\n\t\t\t\t\t<div class=\"lang-switch\">\n  <div class=\"trp-shortcode-switcher__wrapper\"\r\n     style=\"--bg:#ffffff00;--bg-hover:#ffffff00;--text:#891a15;--text-hover:#000000;--border:none;--border-width:0px;--border-color:transparent;--border-radius:0px;--flag-radius:0px;--flag-size:20px;--aspect-ratio:1;--font-size:16px;--transition-duration:0s\"\r\n     role=\"group\"\r\n     data-open-mode=\"hover\">\r\n\r\n    \r\n        <!-- Opposite mode: render ONLY the in-flow (relative) element so it holds space -->\r\n        <div class=\"trp-language-switcher trp-ls-dropdown trp-shortcode-switcher trp-shortcode-anchor trp-open-on-hover trp-opposite-button\"\r\n             role=\"navigation\"\r\n             aria-label=\"Website language selector\"\r\n             data-no-translation>\r\n                <div class=\"trp-current-language-item__wrapper trp-hide-arrow\">\r\n        <a class=\"trp-language-item trp-language-item__default\" data-no-translation href=\"https:\/\/eleiaweddingphotography.com\/en\/wp-json\/wp\/v2\/pages\/4806\" title=\"ES\"><span class=\"trp-language-item-name\">ES<\/span><\/a>            <\/div>\r\n            <\/div>\r\n\r\n    <\/div>\r\n\n<\/div>\n\t\t\t\t<\/div>\n\t\t\t\t<\/div>\n\t\t\t\t<\/div>\n\t\t\t\t<\/div>\n\t\t\t\t<\/div>\n\t\t<div class=\"elementor-element elementor-element-19a3ce4 e-con-full e-flex e-con e-child\" data-id=\"19a3ce4\" data-element_type=\"container\" data-e-type=\"container\" data-settings=\"{&quot;background_background&quot;:&quot;classic&quot;}\">\n\t\t<div class=\"elementor-element elementor-element-90ba163 e-con-full animated-slow e-flex elementor-invisible e-con e-child\" data-id=\"90ba163\" data-element_type=\"container\" data-e-type=\"container\" data-settings=\"{&quot;animation&quot;:&quot;fadeInUp&quot;}\">\n\t\t<div class=\"elementor-element elementor-element-aed4359 e-con-full e-flex e-con e-child\" data-id=\"aed4359\" data-element_type=\"container\" data-e-type=\"container\">\n\t\t\t\t<div class=\"elementor-element elementor-element-813810f elementor-widget__width-initial elementor-widget elementor-widget-heading\" data-id=\"813810f\" data-element_type=\"widget\" data-e-type=\"widget\" data-widget_type=\"heading.default\">\n\t\t\t\t<div class=\"elementor-widget-container\">\n\t\t\t\t\t<h2 class=\"elementor-heading-title elementor-size-default\">Weddings that smell of orange blossom, of sea salt, of everything that cannot be faked.<\/h2>\t\t\t\t<\/div>\n\t\t\t\t<\/div>\n\t\t\t\t<\/div>\n\t\t\t\t<\/div>\n\t\t<div class=\"elementor-element elementor-element-713b4ec e-con-full e-flex e-con e-child\" data-id=\"713b4ec\" data-element_type=\"container\" data-e-type=\"container\">\n\t\t\t\t<div class=\"elementor-element elementor-element-71f0b0c elementor-widget__width-initial elementor-widget elementor-widget-heading\" data-id=\"71f0b0c\" data-element_type=\"widget\" data-e-type=\"widget\" data-widget_type=\"heading.default\">\n\t\t\t\t<div class=\"elementor-widget-container\">\n\t\t\t\t\t<h1 class=\"elementor-heading-title elementor-size-default\">WEDDING PHOTOGRAPHERS IN MALAGA<\/h1>\t\t\t\t<\/div>\n\t\t\t\t<\/div>\n\t\t\t\t<\/div>\n\t\t\t\t<\/div>\n\t\t<div class=\"elementor-element elementor-element-5688db8 e-con-full e-flex e-con e-child\" data-id=\"5688db8\" data-element_type=\"container\" data-e-type=\"container\">\n\t\t<div class=\"elementor-element elementor-element-543d23d e-flex e-con-boxed e-con e-child\" data-id=\"543d23d\" data-element_type=\"container\" data-e-type=\"container\">\n\t\t\t\t\t<div class=\"e-con-inner\">\n\t\t\t\t<div class=\"elementor-element elementor-element-9d35341 elementor-widget__width-initial elementor-widget elementor-widget-text-editor\" data-id=\"9d35341\" data-element_type=\"widget\" data-e-type=\"widget\" data-widget_type=\"text-editor.default\">\n\t\t\t\t<div class=\"elementor-widget-container\">\n\t\t\t\t\t\t\t\t\t<p>We are wedding photographers in M\u00e1laga with a way of seeing that is unlike any other: honest, calm, and deeply attentive to what truly happens.<\/p><p>M\u00e1laga has a light you won\u2019t find anywhere else. The way the sun enters the houses in the historic center, how the golden hour shifts over the olive groves of the Axarqu\u00eda, the weight of silence on an estate in the Ronda mountains. We\u2019ve spent years photographing this land, and we continue to discover new ways of seeing it.<\/p><p>We work with couples who want to remember how their wedding felt, not just how it looked. Who understand that the most beautiful photograph is not the most perfect one, but the most truthful.<\/p><p>If that resonates with you, we\u2019ll probably be a good fit. You can see how we see through our <a href=\"https:\/\/eleiaweddingphotography.com\/en\/stories\/\"><u>stories<\/u><\/a>, and how we work here <a href=\"https:\/\/eleiaweddingphotography.com\/en\/experience\/\"><u>experience<\/u><\/a>.<\/p>\t\t\t\t\t\t\t\t<\/div>\n\t\t\t\t<\/div>\n\t\t\t\t<div class=\"elementor-element elementor-element-19fd443 elementor-widget__width-initial elementor-widget elementor-widget-text-editor\" data-id=\"19fd443\" data-element_type=\"widget\" data-e-type=\"widget\" data-widget_type=\"text-editor.default\">\n\t\t\t\t<div class=\"elementor-widget-container\">\n\t\t\t\t\t\t\t\t\t<p><em>If you'd like to tell us your story, <span style=\"text-decoration: underline;\"><a href=\"https:\/\/eleiaweddingphotography.com\/en\/contact\/\">write to us<\/a><\/span>.<\/em><\/p>\t\t\t\t\t\t\t\t<\/div>\n\t\t\t\t<\/div>\n\t\t\t\t\t<\/div>\n\t\t\t\t<\/div>\n\t\t\t\t<\/div>\n\t\t<div class=\"elementor-element elementor-element-20904f62 e-con-full e-flex e-con e-parent\" data-id=\"20904f62\" data-element_type=\"container\" data-e-type=\"container\" data-settings=\"{&quot;position&quot;:&quot;fixed&quot;}\">\n\t\t\t\t<div class=\"elementor-element elementor-element-7e89b4b9 elementor-widget elementor-widget-heading\" data-id=\"7e89b4b9\" data-element_type=\"widget\" data-e-type=\"widget\" data-widget_type=\"heading.default\">\n\t\t\t\t<div class=\"elementor-widget-container\">\n\t\t\t\t\t<h2 class=\"elementor-heading-title elementor-size-default\"><a href=\"http:\/\/eleiaweddingphotography.com\/en\/fotografos-boda-malaga\/\">BASED IN MALAGA<\/a><\/h2>\t\t\t\t<\/div>\n\t\t\t\t<\/div>\n\t\t\t\t<div class=\"elementor-element elementor-element-4b2d6f1c elementor-widget elementor-widget-heading\" data-id=\"4b2d6f1c\" data-element_type=\"widget\" data-e-type=\"widget\" data-widget_type=\"heading.default\">\n\t\t\t\t<div class=\"elementor-widget-container\">\n\t\t\t\t\t<h2 class=\"elementor-heading-title elementor-size-default\">AVAILABLE IN ANDALUCIA<\/h2>\t\t\t\t<\/div>\n\t\t\t\t<\/div>\n\t\t\t\t<\/div>\n\t\t\t\t<\/div>","protected":false},"excerpt":{"rendered":"<p>MEN\u00da bodas que huelen a azahar, a salitre, a todo lo que no se puede fingir. FOT\u00d3GRAFOS DE BODA EN M\u00c1LAGA Somos fot\u00f3grafos de boda en M\u00e1laga con una forma de mirar que no se parece a ninguna otra: honesta, tranquila y con un cuidado profundo por lo que sucede de verdad. M\u00e1laga tiene una [&hellip;]<\/p>\n","protected":false},"author":1,"featured_media":4822,"parent":0,"menu_order":0,"comment_status":"closed","ping_status":"closed","template":"","meta":{"site-sidebar-layout":"no-sidebar","site-content-layout":"page-builder","ast-site-content-layout":"full-width-container","site-content-style":"unboxed","site-sidebar-style":"unboxed","ast-global-header-display":"","ast-banner-title-visibility":"","ast-main-header-display":"","ast-hfb-above-header-display":"","ast-hfb-below-header-display":"","ast-hfb-mobile-header-display":"","site-post-title":"disabled","ast-breadcrumbs-content":"","ast-featured-img":"disabled","footer-sml-layout":"","ast-disable-related-posts":"","theme-transparent-header-meta":"","adv-header-id-meta":"","stick-header-meta":"","header-above-stick-meta":"","header-main-stick-meta":"","header-below-stick-meta":"","astra-migrate-meta-layouts":"set","ast-page-background-enabled":"default","ast-page-background-meta":{"desktop":{"background-color":"var(--ast-global-color-4)","background-image":"","background-repeat":"repeat","background-position":"center center","background-size":"auto","background-attachment":"scroll","background-type":"","background-media":"","overlay-type":"","overlay-color":"","overlay-opacity":"","overlay-gradient":""},"tablet":{"background-color":"","background-image":"","background-repeat":"repeat","background-position":"center center","background-size":"auto","background-attachment":"scroll","background-type":"","background-media":"","overlay-type":"","overlay-color":"","overlay-opacity":"","overlay-gradient":""},"mobile":{"background-color":"","background-image":"","background-repeat":"repeat","background-position":"center center","background-size":"auto","background-attachment":"scroll","background-type":"","background-media":"","overlay-type":"","overlay-color":"","overlay-opacity":"","overlay-gradient":""}},"ast-content-background-meta":{"desktop":{"background-color":"var(--ast-global-color-5)","background-image":"","background-repeat":"repeat","background-position":"center center","background-size":"auto","background-attachment":"scroll","background-type":"","background-media":"","overlay-type":"","overlay-color":"","overlay-opacity":"","overlay-gradient":""},"tablet":{"background-color":"var(--ast-global-color-5)","background-image":"","background-repeat":"repeat","background-position":"center center","background-size":"auto","background-attachment":"scroll","background-type":"","background-media":"","overlay-type":"","overlay-color":"","overlay-opacity":"","overlay-gradient":""},"mobile":{"background-color":"var(--ast-global-color-5)","background-image":"","background-repeat":"repeat","background-position":"center center","background-size":"auto","background-attachment":"scroll","background-type":"","background-media":"","overlay-type":"","overlay-color":"","overlay-opacity":"","overlay-gradient":""}},"footnotes":""},"class_list":["post-4806","page","type-page","status-publish","has-post-thumbnail","hentry"],"yoast_head":"<!-- This site is optimized with the Yoast SEO plugin v27.3 - https:\/\/yoast.com\/product\/yoast-seo-wordpress\/ -->\n<title>Fot\u00f3grafos de boda en M\u00e1laga | eleia wedding photography<\/title>\n<meta name=\"description\" content=\"Somos Lorena y \u00c1lvaro, fot\u00f3grafos de boda en M\u00e1laga con una mirada documental y honesta. Bodas \u00edntimas en Andaluc\u00eda.\" \/>\n<meta name=\"robots\" content=\"index, follow, max-snippet:-1, max-image-preview:large, max-video-preview:-1\" \/>\n<link rel=\"canonical\" href=\"https:\/\/eleiaweddingphotography.com\/en\/fotografos-boda-malaga\/\" \/>\n<meta property=\"og:locale\" content=\"en_GB\" \/>\n<meta property=\"og:type\" content=\"article\" \/>\n<meta property=\"og:title\" content=\"Fot\u00f3grafos de boda en M\u00e1laga | eleia wedding photography\" \/>\n<meta property=\"og:description\" content=\"Somos Lorena y \u00c1lvaro, fot\u00f3grafos de boda en M\u00e1laga con una mirada documental y honesta. Bodas \u00edntimas en Andaluc\u00eda.\" \/>\n<meta property=\"og:url\" content=\"https:\/\/eleiaweddingphotography.com\/en\/fotografos-boda-malaga\/\" \/>\n<meta property=\"og:site_name\" content=\"eleia wedding photography\" \/>\n<meta property=\"article:modified_time\" content=\"2026-03-27T11:14:41+00:00\" \/>\n<meta property=\"og:image\" content=\"https:\/\/eleiaweddingphotography.com\/wp-content\/uploads\/2026\/02\/DSC9141-scaled.jpg\" \/>\n\t<meta property=\"og:image:width\" content=\"2048\" \/>\n\t<meta property=\"og:image:height\" content=\"2560\" \/>\n\t<meta property=\"og:image:type\" content=\"image\/jpeg\" \/>\n<meta name=\"twitter:card\" content=\"summary_large_image\" \/>\n<meta name=\"twitter:label1\" content=\"Estimated reading time\" \/>\n\t<meta name=\"twitter:data1\" content=\"1 minute\" \/>\n<script type=\"application\/ld+json\" class=\"yoast-schema-graph\">{\"@context\":\"https:\\\/\\\/schema.org\",\"@graph\":[{\"@type\":\"WebPage\",\"@id\":\"https:\\\/\\\/eleiaweddingphotography.com\\\/fotografos-boda-malaga\\\/\",\"url\":\"https:\\\/\\\/eleiaweddingphotography.com\\\/fotografos-boda-malaga\\\/\",\"name\":\"Fot\u00f3grafos de boda en M\u00e1laga | eleia wedding photography\",\"isPartOf\":{\"@id\":\"https:\\\/\\\/eleiaweddingphotography.com\\\/#website\"},\"primaryImageOfPage\":{\"@id\":\"https:\\\/\\\/eleiaweddingphotography.com\\\/fotografos-boda-malaga\\\/#primaryimage\"},\"image\":{\"@id\":\"https:\\\/\\\/eleiaweddingphotography.com\\\/fotografos-boda-malaga\\\/#primaryimage\"},\"thumbnailUrl\":\"https:\\\/\\\/eleiaweddingphotography.com\\\/wp-content\\\/uploads\\\/2026\\\/02\\\/DSC9141-scaled.jpg\",\"datePublished\":\"2026-02-27T13:30:47+00:00\",\"dateModified\":\"2026-03-27T11:14:41+00:00\",\"description\":\"Somos Lorena y \u00c1lvaro, fot\u00f3grafos de boda en M\u00e1laga con una mirada documental y honesta. Bodas \u00edntimas en Andaluc\u00eda.\",\"breadcrumb\":{\"@id\":\"https:\\\/\\\/eleiaweddingphotography.com\\\/fotografos-boda-malaga\\\/#breadcrumb\"},\"inLanguage\":\"en-GB\",\"potentialAction\":[{\"@type\":\"ReadAction\",\"target\":[\"https:\\\/\\\/eleiaweddingphotography.com\\\/fotografos-boda-malaga\\\/\"]}]},{\"@type\":\"ImageObject\",\"inLanguage\":\"en-GB\",\"@id\":\"https:\\\/\\\/eleiaweddingphotography.com\\\/fotografos-boda-malaga\\\/#primaryimage\",\"url\":\"https:\\\/\\\/eleiaweddingphotography.com\\\/wp-content\\\/uploads\\\/2026\\\/02\\\/DSC9141-scaled.jpg\",\"contentUrl\":\"https:\\\/\\\/eleiaweddingphotography.com\\\/wp-content\\\/uploads\\\/2026\\\/02\\\/DSC9141-scaled.jpg\",\"width\":2048,\"height\":2560,\"caption\":\"pareja de reci\u00e9n casados bes\u00e1ndose\"},{\"@type\":\"BreadcrumbList\",\"@id\":\"https:\\\/\\\/eleiaweddingphotography.com\\\/fotografos-boda-malaga\\\/#breadcrumb\",\"itemListElement\":[{\"@type\":\"ListItem\",\"position\":1,\"name\":\"Home\",\"item\":\"https:\\\/\\\/eleiaweddingphotography.com\\\/\"},{\"@type\":\"ListItem\",\"position\":2,\"name\":\"Fot\u00f3grafos de boda en M\u00e1laga\"}]},{\"@type\":\"WebSite\",\"@id\":\"https:\\\/\\\/eleiaweddingphotography.com\\\/#website\",\"url\":\"https:\\\/\\\/eleiaweddingphotography.com\\\/\",\"name\":\"eleia wedding photography\",\"description\":\"aesthetic, emotion-driven wedding photography in Malaga, Spain\",\"publisher\":{\"@id\":\"https:\\\/\\\/eleiaweddingphotography.com\\\/#organization\"},\"potentialAction\":[{\"@type\":\"SearchAction\",\"target\":{\"@type\":\"EntryPoint\",\"urlTemplate\":\"https:\\\/\\\/eleiaweddingphotography.com\\\/?s={search_term_string}\"},\"query-input\":{\"@type\":\"PropertyValueSpecification\",\"valueRequired\":true,\"valueName\":\"search_term_string\"}}],\"inLanguage\":\"en-GB\"},{\"@type\":\"Organization\",\"@id\":\"https:\\\/\\\/eleiaweddingphotography.com\\\/#organization\",\"name\":\"eleia wedding photography\",\"url\":\"https:\\\/\\\/eleiaweddingphotography.com\\\/\",\"logo\":{\"@type\":\"ImageObject\",\"inLanguage\":\"en-GB\",\"@id\":\"https:\\\/\\\/eleiaweddingphotography.com\\\/#\\\/schema\\\/logo\\\/image\\\/\",\"url\":\"https:\\\/\\\/eleiaweddingphotography.com\\\/wp-content\\\/uploads\\\/2025\\\/12\\\/cropped-cropped-2-scaled-1.png\",\"contentUrl\":\"https:\\\/\\\/eleiaweddingphotography.com\\\/wp-content\\\/uploads\\\/2025\\\/12\\\/cropped-cropped-2-scaled-1.png\",\"width\":2045,\"height\":681,\"caption\":\"eleia wedding photography\"},\"image\":{\"@id\":\"https:\\\/\\\/eleiaweddingphotography.com\\\/#\\\/schema\\\/logo\\\/image\\\/\"},\"sameAs\":[\"https:\\\/\\\/www.instagram.com\\\/eleiavisuals\\\/\"]}]}<\/script>\n<!-- \/ Yoast SEO plugin. -->","yoast_head_json":{"title":"Fot\u00f3grafos de boda en M\u00e1laga | eleia wedding photography","description":"Somos Lorena y \u00c1lvaro, fot\u00f3grafos de boda en M\u00e1laga con una mirada documental y honesta. Bodas \u00edntimas en Andaluc\u00eda.","robots":{"index":"index","follow":"follow","max-snippet":"max-snippet:-1","max-image-preview":"max-image-preview:large","max-video-preview":"max-video-preview:-1"},"canonical":"https:\/\/eleiaweddingphotography.com\/en\/fotografos-boda-malaga\/","og_locale":"en_GB","og_type":"article","og_title":"Fot\u00f3grafos de boda en M\u00e1laga | eleia wedding photography","og_description":"Somos Lorena y \u00c1lvaro, fot\u00f3grafos de boda en M\u00e1laga con una mirada documental y honesta. Bodas \u00edntimas en Andaluc\u00eda.","og_url":"https:\/\/eleiaweddingphotography.com\/en\/fotografos-boda-malaga\/","og_site_name":"eleia wedding photography","article_modified_time":"2026-03-27T11:14:41+00:00","og_image":[{"width":2048,"height":2560,"url":"https:\/\/eleiaweddingphotography.com\/wp-content\/uploads\/2026\/02\/DSC9141-scaled.jpg","type":"image\/jpeg"}],"twitter_card":"summary_large_image","twitter_misc":{"Estimated reading time":"1 minute"},"schema":{"@context":"https:\/\/schema.org","@graph":[{"@type":"WebPage","@id":"https:\/\/eleiaweddingphotography.com\/fotografos-boda-malaga\/","url":"https:\/\/eleiaweddingphotography.com\/fotografos-boda-malaga\/","name":"Fot\u00f3grafos de boda en M\u00e1laga | eleia wedding photography","isPartOf":{"@id":"https:\/\/eleiaweddingphotography.com\/#website"},"primaryImageOfPage":{"@id":"https:\/\/eleiaweddingphotography.com\/fotografos-boda-malaga\/#primaryimage"},"image":{"@id":"https:\/\/eleiaweddingphotography.com\/fotografos-boda-malaga\/#primaryimage"},"thumbnailUrl":"https:\/\/eleiaweddingphotography.com\/wp-content\/uploads\/2026\/02\/DSC9141-scaled.jpg","datePublished":"2026-02-27T13:30:47+00:00","dateModified":"2026-03-27T11:14:41+00:00","description":"Somos Lorena y \u00c1lvaro, fot\u00f3grafos de boda en M\u00e1laga con una mirada documental y honesta. Bodas \u00edntimas en Andaluc\u00eda.","breadcrumb":{"@id":"https:\/\/eleiaweddingphotography.com\/fotografos-boda-malaga\/#breadcrumb"},"inLanguage":"en-GB","potentialAction":[{"@type":"ReadAction","target":["https:\/\/eleiaweddingphotography.com\/fotografos-boda-malaga\/"]}]},{"@type":"ImageObject","inLanguage":"en-GB","@id":"https:\/\/eleiaweddingphotography.com\/fotografos-boda-malaga\/#primaryimage","url":"https:\/\/eleiaweddingphotography.com\/wp-content\/uploads\/2026\/02\/DSC9141-scaled.jpg","contentUrl":"https:\/\/eleiaweddingphotography.com\/wp-content\/uploads\/2026\/02\/DSC9141-scaled.jpg","width":2048,"height":2560,"caption":"pareja de reci\u00e9n casados bes\u00e1ndose"},{"@type":"BreadcrumbList","@id":"https:\/\/eleiaweddingphotography.com\/fotografos-boda-malaga\/#breadcrumb","itemListElement":[{"@type":"ListItem","position":1,"name":"Home","item":"https:\/\/eleiaweddingphotography.com\/"},{"@type":"ListItem","position":2,"name":"Fot\u00f3grafos de boda en M\u00e1laga"}]},{"@type":"WebSite","@id":"https:\/\/eleiaweddingphotography.com\/#website","url":"https:\/\/eleiaweddingphotography.com\/","name":"eleia wedding photography","description":"aesthetic, emotion-driven wedding photography in Malaga, Spain","publisher":{"@id":"https:\/\/eleiaweddingphotography.com\/#organization"},"potentialAction":[{"@type":"SearchAction","target":{"@type":"EntryPoint","urlTemplate":"https:\/\/eleiaweddingphotography.com\/?s={search_term_string}"},"query-input":{"@type":"PropertyValueSpecification","valueRequired":true,"valueName":"search_term_string"}}],"inLanguage":"en-GB"},{"@type":"Organization","@id":"https:\/\/eleiaweddingphotography.com\/#organization","name":"eleia wedding photography","url":"https:\/\/eleiaweddingphotography.com\/","logo":{"@type":"ImageObject","inLanguage":"en-GB","@id":"https:\/\/eleiaweddingphotography.com\/#\/schema\/logo\/image\/","url":"https:\/\/eleiaweddingphotography.com\/wp-content\/uploads\/2025\/12\/cropped-cropped-2-scaled-1.png","contentUrl":"https:\/\/eleiaweddingphotography.com\/wp-content\/uploads\/2025\/12\/cropped-cropped-2-scaled-1.png","width":2045,"height":681,"caption":"eleia wedding photography"},"image":{"@id":"https:\/\/eleiaweddingphotography.com\/#\/schema\/logo\/image\/"},"sameAs":["https:\/\/www.instagram.com\/eleiavisuals\/"]}]}},"_links":{"self":[{"href":"https:\/\/eleiaweddingphotography.com\/en\/wp-json\/wp\/v2\/pages\/4806","targetHints":{"allow":["GET"]}}],"collection":[{"href":"https:\/\/eleiaweddingphotography.com\/en\/wp-json\/wp\/v2\/pages"}],"about":[{"href":"https:\/\/eleiaweddingphotography.com\/en\/wp-json\/wp\/v2\/types\/page"}],"author":[{"embeddable":true,"href":"https:\/\/eleiaweddingphotography.com\/en\/wp-json\/wp\/v2\/users\/1"}],"replies":[{"embeddable":true,"href":"https:\/\/eleiaweddingphotography.com\/en\/wp-json\/wp\/v2\/comments?post=4806"}],"version-history":[{"count":143,"href":"https:\/\/eleiaweddingphotography.com\/en\/wp-json\/wp\/v2\/pages\/4806\/revisions"}],"predecessor-version":[{"id":5495,"href":"https:\/\/eleiaweddingphotography.com\/en\/wp-json\/wp\/v2\/pages\/4806\/revisions\/5495"}],"wp:featuredmedia":[{"embeddable":true,"href":"https:\/\/eleiaweddingphotography.com\/en\/wp-json\/wp\/v2\/media\/4822"}],"wp:attachment":[{"href":"https:\/\/eleiaweddingphotography.com\/en\/wp-json\/wp\/v2\/media?parent=4806"}],"curies":[{"name":"wp","href":"https:\/\/api.w.org\/{rel}","templated":true}]}}